{"id":3050,"date":"2024-06-27T01:36:28","date_gmt":"2024-06-27T01:36:28","guid":{"rendered":"https:\/\/travelyouworld.com\/acerca-de\/"},"modified":"2024-10-13T20:57:03","modified_gmt":"2024-10-13T20:57:03","slug":"acerca-de","status":"publish","type":"page","link":"https:\/\/travelyouworld.com\/es\/acerca-de\/","title":{"rendered":"Acerca de"},"content":{"rendered":"<div class=\"wp-block-group alignfull is-layout-constrained wp-block-group-is-layout-constrained\">\n<h2 class=\"wp-block-heading has-text-align-left has-x-large-font-size\" id=\"h-welcome-to-travel-you-world\" style=\"padding-top:var(--wp--preset--spacing--70);padding-bottom:0\">Bienvenido a <keyword data-keyword-id=\"7127\">Travel<\/keyword> You World.<\/h2>\n\n\n\n<p class=\"has-text-align-left\">Descubre incre\u00edbles consejos y recursos que te ayudar\u00e1n a <keyword data-keyword-id=\"3788\">viajar<\/keyword> por el mundo de forma eficiente.<\/p>\n\n\n\n<div class=\"wp-block-media-text is-stacked-on-mobile is-vertically-aligned-top\" style=\"padding-top:var(--wp--preset--spacing--50);padding-right:0;padding-bottom:var(--wp--preset--spacing--30);padding-left:0;grid-template-columns:46% auto\"><figure class=\"wp-block-media-text__media\"><img data-recalc-dims=\"1\" fetchpriority=\"high\" decoding=\"async\" width=\"509\" height=\"509\" src=\"https:\/\/i0.wp.com\/travelyouworld.com\/wp-content\/uploads\/2024\/07\/FB_IMG_1587165926686.jpg?resize=509%2C509&#038;ssl=1\" alt=\"Viaja por el mundo con Dunia\" class=\"wp-image-572 size-medium\" srcset=\"https:\/\/i0.wp.com\/travelyouworld.com\/wp-content\/uploads\/2024\/07\/FB_IMG_1587165926686.jpg?w=509&amp;ssl=1 509w, https:\/\/i0.wp.com\/travelyouworld.com\/wp-content\/uploads\/2024\/07\/FB_IMG_1587165926686.jpg?resize=300%2C300&amp;ssl=1 300w, https:\/\/i0.wp.com\/travelyouworld.com\/wp-content\/uploads\/2024\/07\/FB_IMG_1587165926686.jpg?resize=150%2C150&amp;ssl=1 150w, https:\/\/i0.wp.com\/travelyouworld.com\/wp-content\/uploads\/2024\/07\/FB_IMG_1587165926686.jpg?resize=100%2C100&amp;ssl=1 100w\" sizes=\"(max-width: 509px) 100vw, 509px\" \/><\/figure><div class=\"wp-block-media-text__content\">\n<p class=\"\">Hola, soy Dunia Mart\u00ednez, la cara detr\u00e1s de <keyword data-keyword-id=\"7128\">Travel<\/keyword> You World. Crec\u00ed en la vibrante ciudad de Miami, Florida, donde el crisol de culturas y el esp\u00edritu de aventura encendieron por primera vez mi pasi\u00f3n por explorar el mundo. Como empresaria, siempre me ha impulsado el deseo de convertir mi amor por <keyword data-keyword-id=\"3789\">los viajes<\/keyword> en algo significativo. Adem\u00e1s, esta pasi\u00f3n no es s\u00f3lo para m\u00ed, sino que se extiende a otras personas que comparten esta misma pasi\u00f3n por los viajes.   <\/p>\n\n\n\n<p class=\"\">Desde muy joven me ha cautivado la emoci\u00f3n de descubrir nuevos lugares y la belleza que existe en cada rinc\u00f3n del planeta. <keyword data-keyword-id=\"655\">Viajar<\/keyword> no es s\u00f3lo una aventura emocionante, para m\u00ed es una forma de vida. Es esencial para enriquecer nuestras almas, ampliar nuestras perspectivas y fomentar conexiones m\u00e1s profundas con las personas y los lugares. En <keyword data-keyword-id=\"7129\">Travel<\/keyword> You World, creo que viajar no es un lujo; es una necesidad. Nos llena de energ\u00eda, restablece el equilibrio y aporta verdadera felicidad.   <\/p>\n\n\n\n<p class=\"\">Todos los viajes nos ense\u00f1an lecciones inestimables sobre nosotros mismos, los dem\u00e1s y el mundo en que vivimos. Para m\u00ed, <keyword data-keyword-id=\"661\">viajar<\/keyword> ha sido una fuente constante de inspiraci\u00f3n, que me ha ayudado a crecer mental y f\u00edsicamente. Me ha hecho m\u00e1s consciente de la belleza que hay en la diversidad, desde las diferentes culturas hasta los impresionantes paisajes naturales.  <\/p>\n<\/div><\/div>\n<\/div>\n\n<h2 class=\"wp-block-heading alignwide has-text-align-center\" id=\"h-our-mission\"><strong>Nuestra misi\u00f3n<\/strong><\/h2>\n\n<p class=\"has-text-align-left\">En <keyword data-keyword-id=\"7130\">Travel<\/keyword> You World, mi misi\u00f3n es sencilla: inspirarte y animarte a explorar el mundo, aventura a aventura. Tanto si eres un viajero experimentado como alguien que sue\u00f1a con su primer gran viaje, este espacio es, por tanto, para ti. Adem\u00e1s, comparto mis experiencias de <keyword data-keyword-id=\"3790\">viaje<\/keyword>, consejos pr\u00e1cticos y recomendaciones de productos en profundidad para que tus viajes sean m\u00e1s f\u00e1ciles y agradables.  <\/p>\n\n<p class=\"has-text-align-left\"><strong>Por qu\u00e9 es importante <keyword data-keyword-id=\"658\">viajar<\/keyword> <\/strong><\/p>\n\n<p class=\"\">Tomarse tiempo para explorar o simplemente irse de vacaciones no consiste s\u00f3lo en escapar de la rutina diaria. Se trata de resetear, recargar y volver con una nueva perspectiva. Las aventuras nos permiten salir de nuestra zona de confort, sumergirnos en nuevas experiencias y volver a casa con un mayor aprecio por la vida. Es a trav\u00e9s de estos viajes como crecemos, tanto individualmente como parte de una comunidad global.   <\/p>\n\n<p class=\"\"><strong>C\u00f3mo puedo ayudarte<\/strong><\/p>\n\n<p class=\"\">Tanto si buscas inspiraci\u00f3n, consejos de <keyword data-keyword-id=\"665\">viaje<\/keyword> o recomendaciones sobre el mejor equipo para llevar contigo, <strong>Viaja por tu Mundo<\/strong> te tiene cubierto. Mi objetivo es ayudarte a experimentar la alegr\u00eda, el asombro y la transformaci\u00f3n que conlleva cada viaje. Juntos, descubriremos joyas ocultas, conectaremos con la naturaleza y nos sumergiremos en la belleza de diferentes culturas.  <\/p>","protected":false},"excerpt":{"rendered":"<p>Bienvenido a Travel You World. Descubre incre\u00edbles consejos y recursos que te ayudar\u00e1n a viajar por el mundo de forma eficiente. Hola, soy Dunia Mart\u00ednez, la cara detr\u00e1s de Travel You World. Crec\u00ed en la vibrante ciudad de Miami, Florida, donde el crisol de culturas y el esp\u00edritu de aventura encendieron por primera vez mi [&hellip;]<\/p>\n","protected":false},"author":1,"featured_media":0,"parent":0,"menu_order":0,"comment_status":"closed","ping_status":"closed","template":"","meta":{"nf_dc_page":"","_uag_custom_page_level_css":"","_monsterinsights_skip_tracking":false,"_monsterinsights_sitenote_active":false,"_monsterinsights_sitenote_note":"","_monsterinsights_sitenote_category":0,"footnotes":""},"class_list":["post-3050","page","type-page","status-publish","hentry"],"blocksy_meta":{"page_structure_type":"type-4","content_style_source":"inherit","disable_featured_image":"no","styles_descriptor":{"styles":{"desktop":"","tablet":"","mobile":""},"google_fonts":[],"version":6},"vertical_spacing_source":"custom","content_area_spacing":"none"},"yoast_head":"<!-- This site is optimized with the Yoast SEO Premium plugin v23.6 (Yoast SEO v27.6) - https:\/\/yoast.com\/product\/yoast-seo-premium-wordpress\/ -->\n<title>Viaja por el mundo: Consejos y recursos para explorar el mundo<\/title>\n<meta name=\"description\" content=\"Obt\u00e9n consejos y recursos para viajar eficazmente por el mundo de Dunia Mart\u00ednez, fundadora de Travel You World.\" \/>\n<meta name=\"robots\" content=\"index, follow, max-snippet:-1, max-image-preview:large, max-video-preview:-1\" \/>\n<link rel=\"canonical\" href=\"https:\/\/travelyouworld.com\/es\/acerca-de\/\" \/>\n<meta property=\"og:locale\" content=\"es_ES\" \/>\n<meta property=\"og:type\" content=\"article\" \/>\n<meta property=\"og:title\" content=\"Viaja por el mundo: Consejos y recursos para aventureros\" \/>\n<meta property=\"og:description\" content=\"\u00a1Desbloquea el mundo con Viaja por el Mundo! Obt\u00e9n consejos y recursos para viajar por el mundo de la mano de la apasionada viajera Dunia Mart\u00ednez.\" \/>\n<meta property=\"og:url\" content=\"https:\/\/travelyouworld.com\/es\/acerca-de\/\" \/>\n<meta property=\"og:site_name\" content=\"Travel You World\" \/>\n<meta property=\"article:publisher\" content=\"https:\/\/www.facebook.com\/profile.php?id=61563562739073\" \/>\n<meta property=\"article:modified_time\" content=\"2024-10-13T20:57:03+00:00\" \/>\n<meta property=\"og:image\" content=\"https:\/\/travelyouworld.com\/wp-content\/uploads\/2024\/07\/FB_IMG_1587165926686.jpg\" \/>\n<meta name=\"twitter:card\" content=\"summary_large_image\" \/>\n<meta name=\"twitter:title\" content=\"Acerca de\" \/>\n<meta name=\"twitter:label1\" content=\"Tiempo de lectura\" \/>\n\t<meta name=\"twitter:data1\" content=\"2 minutos\" \/>\n<script type=\"application\/ld+json\" class=\"yoast-schema-graph\">{\"@context\":\"https:\\\/\\\/schema.org\",\"@graph\":[{\"@type\":\"WebPage\",\"@id\":\"https:\\\/\\\/travelyouworld.com\\\/es\\\/acerca-de\\\/\",\"url\":\"https:\\\/\\\/travelyouworld.com\\\/es\\\/acerca-de\\\/\",\"name\":\"Viaja por el mundo: Consejos y recursos para explorar el mundo\",\"isPartOf\":{\"@id\":\"https:\\\/\\\/travelyouworld.com\\\/es\\\/#website\"},\"primaryImageOfPage\":{\"@id\":\"https:\\\/\\\/travelyouworld.com\\\/es\\\/acerca-de\\\/#primaryimage\"},\"image\":{\"@id\":\"https:\\\/\\\/travelyouworld.com\\\/es\\\/acerca-de\\\/#primaryimage\"},\"thumbnailUrl\":\"https:\\\/\\\/travelyouworld.com\\\/wp-content\\\/uploads\\\/2024\\\/07\\\/FB_IMG_1587165926686.jpg\",\"datePublished\":\"2024-06-27T01:36:28+00:00\",\"dateModified\":\"2024-10-13T20:57:03+00:00\",\"description\":\"Obt\u00e9n consejos y recursos para viajar eficazmente por el mundo de Dunia Mart\u00ednez, fundadora de Travel You World.\",\"breadcrumb\":{\"@id\":\"https:\\\/\\\/travelyouworld.com\\\/es\\\/acerca-de\\\/#breadcrumb\"},\"inLanguage\":\"es\",\"potentialAction\":[{\"@type\":\"ReadAction\",\"target\":[\"https:\\\/\\\/travelyouworld.com\\\/es\\\/acerca-de\\\/\"]}]},{\"@type\":\"ImageObject\",\"inLanguage\":\"es\",\"@id\":\"https:\\\/\\\/travelyouworld.com\\\/es\\\/acerca-de\\\/#primaryimage\",\"url\":\"https:\\\/\\\/travelyouworld.com\\\/wp-content\\\/uploads\\\/2024\\\/07\\\/FB_IMG_1587165926686.jpg\",\"contentUrl\":\"https:\\\/\\\/travelyouworld.com\\\/wp-content\\\/uploads\\\/2024\\\/07\\\/FB_IMG_1587165926686.jpg\"},{\"@type\":\"BreadcrumbList\",\"@id\":\"https:\\\/\\\/travelyouworld.com\\\/es\\\/acerca-de\\\/#breadcrumb\",\"itemListElement\":[{\"@type\":\"ListItem\",\"position\":1,\"name\":\"Home\",\"item\":\"https:\\\/\\\/travelyouworld.com\\\/es\\\/inicio\\\/\"},{\"@type\":\"ListItem\",\"position\":2,\"name\":\"Acerca de\"}]},{\"@type\":\"WebSite\",\"@id\":\"https:\\\/\\\/travelyouworld.com\\\/es\\\/#website\",\"url\":\"https:\\\/\\\/travelyouworld.com\\\/es\\\/\",\"name\":\"Travel You World\",\"description\":\"Live ,Love &amp; Travel.\",\"publisher\":{\"@id\":\"https:\\\/\\\/travelyouworld.com\\\/es\\\/#organization\"},\"potentialAction\":[{\"@type\":\"SearchAction\",\"target\":{\"@type\":\"EntryPoint\",\"urlTemplate\":\"https:\\\/\\\/travelyouworld.com\\\/es\\\/?s={search_term_string}\"},\"query-input\":{\"@type\":\"PropertyValueSpecification\",\"valueRequired\":true,\"valueName\":\"search_term_string\"}}],\"inLanguage\":\"es\"},{\"@type\":\"Organization\",\"@id\":\"https:\\\/\\\/travelyouworld.com\\\/es\\\/#organization\",\"name\":\"Travel You World\",\"url\":\"https:\\\/\\\/travelyouworld.com\\\/es\\\/\",\"logo\":{\"@type\":\"ImageObject\",\"inLanguage\":\"es\",\"@id\":\"https:\\\/\\\/travelyouworld.com\\\/es\\\/#\\\/schema\\\/logo\\\/image\\\/\",\"url\":\"https:\\\/\\\/travelyouworld.com\\\/wp-content\\\/uploads\\\/2024\\\/09\\\/logo-TRAVEL-you-World-1-e1727370580969.png\",\"contentUrl\":\"https:\\\/\\\/travelyouworld.com\\\/wp-content\\\/uploads\\\/2024\\\/09\\\/logo-TRAVEL-you-World-1-e1727370580969.png\",\"width\":453,\"height\":289,\"caption\":\"Travel You World\"},\"image\":{\"@id\":\"https:\\\/\\\/travelyouworld.com\\\/es\\\/#\\\/schema\\\/logo\\\/image\\\/\"},\"sameAs\":[\"https:\\\/\\\/www.facebook.com\\\/profile.php?id=61563562739073\"]}]}<\/script>\n<!-- \/ Yoast SEO Premium plugin. -->","yoast_head_json":{"title":"Viaja por el mundo: Consejos y recursos para explorar el mundo","description":"Obt\u00e9n consejos y recursos para viajar eficazmente por el mundo de Dunia Mart\u00ednez, fundadora de Travel You World.","robots":{"index":"index","follow":"follow","max-snippet":"max-snippet:-1","max-image-preview":"max-image-preview:large","max-video-preview":"max-video-preview:-1"},"canonical":"https:\/\/travelyouworld.com\/es\/acerca-de\/","og_locale":"es_ES","og_type":"article","og_title":"Viaja por el mundo: Consejos y recursos para aventureros","og_description":"\u00a1Desbloquea el mundo con Viaja por el Mundo! Obt\u00e9n consejos y recursos para viajar por el mundo de la mano de la apasionada viajera Dunia Mart\u00ednez.","og_url":"https:\/\/travelyouworld.com\/es\/acerca-de\/","og_site_name":"Travel You World","article_publisher":"https:\/\/www.facebook.com\/profile.php?id=61563562739073","article_modified_time":"2024-10-13T20:57:03+00:00","og_image":[{"url":"https:\/\/travelyouworld.com\/wp-content\/uploads\/2024\/07\/FB_IMG_1587165926686.jpg","type":"","width":"","height":""}],"twitter_card":"summary_large_image","twitter_title":"Acerca de","twitter_misc":{"Tiempo de lectura":"2 minutos"},"schema":{"@context":"https:\/\/schema.org","@graph":[{"@type":"WebPage","@id":"https:\/\/travelyouworld.com\/es\/acerca-de\/","url":"https:\/\/travelyouworld.com\/es\/acerca-de\/","name":"Viaja por el mundo: Consejos y recursos para explorar el mundo","isPartOf":{"@id":"https:\/\/travelyouworld.com\/es\/#website"},"primaryImageOfPage":{"@id":"https:\/\/travelyouworld.com\/es\/acerca-de\/#primaryimage"},"image":{"@id":"https:\/\/travelyouworld.com\/es\/acerca-de\/#primaryimage"},"thumbnailUrl":"https:\/\/travelyouworld.com\/wp-content\/uploads\/2024\/07\/FB_IMG_1587165926686.jpg","datePublished":"2024-06-27T01:36:28+00:00","dateModified":"2024-10-13T20:57:03+00:00","description":"Obt\u00e9n consejos y recursos para viajar eficazmente por el mundo de Dunia Mart\u00ednez, fundadora de Travel You World.","breadcrumb":{"@id":"https:\/\/travelyouworld.com\/es\/acerca-de\/#breadcrumb"},"inLanguage":"es","potentialAction":[{"@type":"ReadAction","target":["https:\/\/travelyouworld.com\/es\/acerca-de\/"]}]},{"@type":"ImageObject","inLanguage":"es","@id":"https:\/\/travelyouworld.com\/es\/acerca-de\/#primaryimage","url":"https:\/\/travelyouworld.com\/wp-content\/uploads\/2024\/07\/FB_IMG_1587165926686.jpg","contentUrl":"https:\/\/travelyouworld.com\/wp-content\/uploads\/2024\/07\/FB_IMG_1587165926686.jpg"},{"@type":"BreadcrumbList","@id":"https:\/\/travelyouworld.com\/es\/acerca-de\/#breadcrumb","itemListElement":[{"@type":"ListItem","position":1,"name":"Home","item":"https:\/\/travelyouworld.com\/es\/inicio\/"},{"@type":"ListItem","position":2,"name":"Acerca de"}]},{"@type":"WebSite","@id":"https:\/\/travelyouworld.com\/es\/#website","url":"https:\/\/travelyouworld.com\/es\/","name":"Travel You World","description":"Live ,Love &amp; Travel.","publisher":{"@id":"https:\/\/travelyouworld.com\/es\/#organization"},"potentialAction":[{"@type":"SearchAction","target":{"@type":"EntryPoint","urlTemplate":"https:\/\/travelyouworld.com\/es\/?s={search_term_string}"},"query-input":{"@type":"PropertyValueSpecification","valueRequired":true,"valueName":"search_term_string"}}],"inLanguage":"es"},{"@type":"Organization","@id":"https:\/\/travelyouworld.com\/es\/#organization","name":"Travel You World","url":"https:\/\/travelyouworld.com\/es\/","logo":{"@type":"ImageObject","inLanguage":"es","@id":"https:\/\/travelyouworld.com\/es\/#\/schema\/logo\/image\/","url":"https:\/\/travelyouworld.com\/wp-content\/uploads\/2024\/09\/logo-TRAVEL-you-World-1-e1727370580969.png","contentUrl":"https:\/\/travelyouworld.com\/wp-content\/uploads\/2024\/09\/logo-TRAVEL-you-World-1-e1727370580969.png","width":453,"height":289,"caption":"Travel You World"},"image":{"@id":"https:\/\/travelyouworld.com\/es\/#\/schema\/logo\/image\/"},"sameAs":["https:\/\/www.facebook.com\/profile.php?id=61563562739073"]}]}},"uagb_featured_image_src":{"full":false,"thumbnail":false,"medium":false,"medium_large":false,"large":false,"1536x1536":false,"2048x2048":false,"woocommerce_archive_thumbnail":false,"woocommerce_thumbnail":false,"woocommerce_single":false,"woocommerce_gallery_thumbnail":false},"uagb_author_info":{"display_name":"Alexander Matz","author_link":"https:\/\/travelyouworld.com\/es\/author\/alexandersmatz\/"},"uagb_comment_info":0,"uagb_excerpt":"Bienvenido a Travel You World. Descubre incre\u00edbles consejos y recursos que te ayudar\u00e1n a viajar por el mundo de forma eficiente. Hola, soy Dunia Mart\u00ednez, la cara detr\u00e1s de Travel You World. Crec\u00ed en la vibrante ciudad de Miami, Florida, donde el crisol de culturas y el esp\u00edritu de aventura encendieron por primera vez mi&hellip;","jetpack_sharing_enabled":true,"_links":{"self":[{"href":"https:\/\/travelyouworld.com\/es\/wp-json\/wp\/v2\/pages\/3050","targetHints":{"allow":["GET"]}}],"collection":[{"href":"https:\/\/travelyouworld.com\/es\/wp-json\/wp\/v2\/pages"}],"about":[{"href":"https:\/\/travelyouworld.com\/es\/wp-json\/wp\/v2\/types\/page"}],"author":[{"embeddable":true,"href":"https:\/\/travelyouworld.com\/es\/wp-json\/wp\/v2\/users\/1"}],"replies":[{"embeddable":true,"href":"https:\/\/travelyouworld.com\/es\/wp-json\/wp\/v2\/comments?post=3050"}],"version-history":[{"count":1,"href":"https:\/\/travelyouworld.com\/es\/wp-json\/wp\/v2\/pages\/3050\/revisions"}],"predecessor-version":[{"id":3053,"href":"https:\/\/travelyouworld.com\/es\/wp-json\/wp\/v2\/pages\/3050\/revisions\/3053"}],"wp:attachment":[{"href":"https:\/\/travelyouworld.com\/es\/wp-json\/wp\/v2\/media?parent=3050"}],"curies":[{"name":"wp","href":"https:\/\/api.w.org\/{rel}","templated":true}]}}